{"id":2635,"date":"2022-03-31T18:33:12","date_gmt":"2022-03-31T15:33:12","guid":{"rendered":"https:\/\/popscar.gr\/?page_id=2635"},"modified":"2022-04-01T07:41:51","modified_gmt":"2022-04-01T04:41:51","slug":"fun-in-the-sun","status":"publish","type":"page","link":"https:\/\/popscar.gr\/fr\/fun-in-the-sun\/","title":{"rendered":"Fun in the Sun"},"content":{"rendered":"\t\t<div data-elementor-type=\"wp-page\" data-elementor-id=\"2635\" class=\"elementor elementor-2635 elementor-804\" data-elementor-post-type=\"page\">\n\t\t\t\t\t\t<section class=\"elementor-section elementor-top-section elementor-element elementor-element-18e28b9 elementor-reverse-mobile elementor-section-boxed elementor-section-height-default elementor-section-height-default elementor-invisible\" data-id=\"18e28b9\" data-element_type=\"section\" data-e-type=\"section\" data-settings=\"{&quot;animation&quot;:&quot;fadeIn&quot;}\">\n\t\t\t\t\t\t<div class=\"elementor-container elementor-column-gap-no\">\n\t\t\t\t\t<div class=\"elementor-column elementor-col-50 elementor-top-column elementor-element elementor-element-2fc0fe6\" data-id=\"2fc0fe6\" data-element_type=\"column\" data-e-type=\"column\">\n\t\t\t<div class=\"elementor-widget-wrap elementor-element-populated\">\n\t\t\t\t\t\t<div class=\"elementor-element elementor-element-3ce96e4 elementor-widget elementor-widget-text-editor\" data-id=\"3ce96e4\" data-element_type=\"widget\" data-e-type=\"widget\" data-widget_type=\"text-editor.default\">\n\t\t\t\t<div class=\"elementor-widget-container\">\n\t\t\t\t\t\t\t\t\t<p>La soci\u00e9t\u00e9 a \u00e9t\u00e9 fond\u00e9e en 1987 par Anastasios (Soulis) Loumousiotis, initialement \u00e0 Ermioni, en Argolide et plus tard bas\u00e9e \u00e9galement \u00e0 Ath\u00e8nes et \u00e0 Galatas (Poros), fournissant des services de location de voitures, de transport priv\u00e9 et d\u2019excursions \u00e0 tous ceux qui veulent d\u00e9couvrir les beaut\u00e9s de la Gr\u00e8ce &#8211; individuellement ou en groupe.<\/p><p>En \u00e9largissant ses activit\u00e9s toutes ces ann\u00e9es, Fun in the Sun Greece fournit maintenant des services complets de haute qualit\u00e9 dans le domaine du tourisme et au-del\u00e0. Location de voitures, location d\u2019appartements et de villas pour des vacances (Grand Bleu), excursions en mer ou voyages organis\u00e9s en bateaux priv\u00e9s, transport priv\u00e9 vers toutes les destinations en Gr\u00e8ce, organisation de s\u00e9minaires et de groupes. Les bureaux d\u2019Ermioni abritent \u00e9galement l\u2019agence de billets de ferry de Hellenic Seaways et Blue Star Ferries du groupe Attica.<\/p><p>Pour tout ce dont vous avez besoin pour vos voyages, vacances ou toute organisation de conf\u00e9rence \/ \u00e9v\u00e9nement, notre soci\u00e9t\u00e9 vous offre les meilleures solutions et les plus originales apr\u00e8s tant d\u2019ann\u00e9es d\u2019exp\u00e9rience dans l\u2019industrie du tourisme et repr\u00e9sentant au maximum le sentiment de l\u2019hospitalit\u00e9 grecque envers nos clients. <\/p>\t\t\t\t\t\t\t\t<\/div>\n\t\t\t\t<\/div>\n\t\t\t\t<div class=\"elementor-element elementor-element-f234314 elementor-align-left elementor-tablet-align-center elementor-widget elementor-widget-button\" data-id=\"f234314\" data-element_type=\"widget\" data-e-type=\"widget\" data-widget_type=\"button.default\">\n\t\t\t\t<div class=\"elementor-widget-container\">\n\t\t\t\t\t\t\t\t\t<div class=\"elementor-button-wrapper\">\n\t\t\t\t\t<a class=\"elementor-button elementor-button-link elementor-size-sm\" href=\"https:\/\/funinthesun.gr\" target=\"_blank\">\n\t\t\t\t\t\t<span class=\"elementor-button-content-wrapper\">\n\t\t\t\t\t\t\t\t\t<span class=\"elementor-button-text\">Fun in the Sun<\/span>\n\t\t\t\t\t<\/span>\n\t\t\t\t\t<\/a>\n\t\t\t\t<\/div>\n\t\t\t\t\t\t\t\t<\/div>\n\t\t\t\t<\/div>\n\t\t\t\t\t<\/div>\n\t\t<\/div>\n\t\t\t\t<div class=\"elementor-column elementor-col-50 elementor-top-column elementor-element elementor-element-4f29fd4\" data-id=\"4f29fd4\" data-element_type=\"column\" data-e-type=\"column\">\n\t\t\t<div class=\"elementor-widget-wrap elementor-element-populated\">\n\t\t\t\t\t\t<div class=\"elementor-element elementor-element-b261bb6 elementor-widget elementor-widget-image\" data-id=\"b261bb6\" data-element_type=\"widget\" data-e-type=\"widget\" data-widget_type=\"image.default\">\n\t\t\t\t<div class=\"elementor-widget-container\">\n\t\t\t\t\t\t\t\t\t\t\t\t\t\t\t<img fetchpriority=\"high\" decoding=\"async\" width=\"800\" height=\"466\" src=\"https:\/\/popscar.gr\/wp-content\/uploads\/2022\/03\/A-visit-of-the-unique-and-picturesque-Spetses-port-1024x597.jpg\" class=\"attachment-large size-large wp-image-806\" alt=\"A visit of the unique and picturesque Spetses port\" srcset=\"https:\/\/popscar.gr\/wp-content\/uploads\/2022\/03\/A-visit-of-the-unique-and-picturesque-Spetses-port-1024x597.jpg 1024w, https:\/\/popscar.gr\/wp-content\/uploads\/2022\/03\/A-visit-of-the-unique-and-picturesque-Spetses-port-300x175.jpg 300w, https:\/\/popscar.gr\/wp-content\/uploads\/2022\/03\/A-visit-of-the-unique-and-picturesque-Spetses-port-768x448.jpg 768w, https:\/\/popscar.gr\/wp-content\/uploads\/2022\/03\/A-visit-of-the-unique-and-picturesque-Spetses-port.jpg 1200w\" sizes=\"(max-width: 800px) 100vw, 800px\" \/>\t\t\t\t\t\t\t\t\t\t\t\t\t\t\t<\/div>\n\t\t\t\t<\/div>\n\t\t\t\t<section class=\"elementor-section elementor-inner-section elementor-element elementor-element-195e985 animated-slow elementor-section-boxed elementor-section-height-default elementor-section-height-default elementor-invisible\" data-id=\"195e985\" data-element_type=\"section\" data-e-type=\"section\" data-settings=\"{&quot;animation&quot;:&quot;fadeInLeft&quot;}\">\n\t\t\t\t\t\t<div class=\"elementor-container elementor-column-gap-no\">\n\t\t\t\t\t<div class=\"elementor-column elementor-col-50 elementor-inner-column elementor-element elementor-element-5e331db\" data-id=\"5e331db\" data-element_type=\"column\" data-e-type=\"column\" data-settings=\"{&quot;background_background&quot;:&quot;classic&quot;}\">\n\t\t\t<div class=\"elementor-widget-wrap elementor-element-populated\">\n\t\t\t\t\t<div class=\"elementor-background-overlay\"><\/div>\n\t\t\t\t\t\t<div class=\"elementor-element elementor-element-440d03e elementor-widget elementor-widget-spacer\" data-id=\"440d03e\" data-element_type=\"widget\" data-e-type=\"widget\" data-widget_type=\"spacer.default\">\n\t\t\t\t<div class=\"elementor-widget-container\">\n\t\t\t\t\t\t\t<div class=\"elementor-spacer\">\n\t\t\t<div class=\"elementor-spacer-inner\"><\/div>\n\t\t<\/div>\n\t\t\t\t\t\t<\/div>\n\t\t\t\t<\/div>\n\t\t\t\t<div class=\"elementor-element elementor-element-005c442 elementor-widget elementor-widget-spacer\" data-id=\"005c442\" data-element_type=\"widget\" data-e-type=\"widget\" data-widget_type=\"spacer.default\">\n\t\t\t\t<div class=\"elementor-widget-container\">\n\t\t\t\t\t\t\t<div class=\"elementor-spacer\">\n\t\t\t<div class=\"elementor-spacer-inner\"><\/div>\n\t\t<\/div>\n\t\t\t\t\t\t<\/div>\n\t\t\t\t<\/div>\n\t\t\t\t\t<\/div>\n\t\t<\/div>\n\t\t\t\t<div class=\"elementor-column elementor-col-50 elementor-inner-column elementor-element elementor-element-9f4d48f\" data-id=\"9f4d48f\" data-element_type=\"column\" data-e-type=\"column\">\n\t\t\t<div class=\"elementor-widget-wrap\">\n\t\t\t\t\t\t\t<\/div>\n\t\t<\/div>\n\t\t\t\t\t<\/div>\n\t\t<\/section>\n\t\t\t\t\t<\/div>\n\t\t<\/div>\n\t\t\t\t\t<\/div>\n\t\t<\/section>\n\t\t\t\t<\/div>\n\t\t","protected":false},"excerpt":{"rendered":"<p>La soci\u00e9t\u00e9 a \u00e9t\u00e9 fond\u00e9e en 1987 par Anastasios (Soulis) Loumousiotis, initialement \u00e0 Ermioni, en Argolide et plus tard bas\u00e9e \u00e9galement \u00e0 Ath\u00e8nes et \u00e0 Galatas (Poros), fournissant des services de location de voitures, de transport priv\u00e9 et d\u2019excursions \u00e0 tous ceux qui veulent d\u00e9couvrir les beaut\u00e9s de la Gr\u00e8ce &#8211; individuellement ou en groupe. [&hellip;]<\/p>\n","protected":false},"author":3,"featured_media":2006,"parent":0,"menu_order":0,"comment_status":"closed","ping_status":"closed","template":"","meta":{"footnotes":""},"class_list":["post-2635","page","type-page","status-publish","has-post-thumbnail","hentry"],"aioseo_notices":[],"_links":{"self":[{"href":"https:\/\/popscar.gr\/fr\/wp-json\/wp\/v2\/pages\/2635","targetHints":{"allow":["GET"]}}],"collection":[{"href":"https:\/\/popscar.gr\/fr\/wp-json\/wp\/v2\/pages"}],"about":[{"href":"https:\/\/popscar.gr\/fr\/wp-json\/wp\/v2\/types\/page"}],"author":[{"embeddable":true,"href":"https:\/\/popscar.gr\/fr\/wp-json\/wp\/v2\/users\/3"}],"replies":[{"embeddable":true,"href":"https:\/\/popscar.gr\/fr\/wp-json\/wp\/v2\/comments?post=2635"}],"version-history":[{"count":5,"href":"https:\/\/popscar.gr\/fr\/wp-json\/wp\/v2\/pages\/2635\/revisions"}],"predecessor-version":[{"id":2708,"href":"https:\/\/popscar.gr\/fr\/wp-json\/wp\/v2\/pages\/2635\/revisions\/2708"}],"wp:featuredmedia":[{"embeddable":true,"href":"https:\/\/popscar.gr\/fr\/wp-json\/wp\/v2\/media\/2006"}],"wp:attachment":[{"href":"https:\/\/popscar.gr\/fr\/wp-json\/wp\/v2\/media?parent=2635"}],"curies":[{"name":"wp","href":"https:\/\/api.w.org\/{rel}","templated":true}]}}